{"id":30,"date":"2019-07-08T15:53:09","date_gmt":"2019-07-08T12:53:09","guid":{"rendered":"http:\/\/www.sackaynakfiyatlari.org\/?page_id=30"},"modified":"2019-07-08T15:53:18","modified_gmt":"2019-07-08T12:53:18","slug":"sac-kaynak","status":"publish","type":"page","link":"http:\/\/www.sackaynakfiyatlari.org\/index.php\/sac-kaynak\/","title":{"rendered":"Sa\u00e7 Kaynak"},"content":{"rendered":"\n<h4 class=\"wp-block-heading\">Sa\u00e7 Kaynak ;<\/h4>\n\n\n\n<div class=\"wp-block-image\"><figure class=\"alignleft\"><img loading=\"lazy\" decoding=\"async\" width=\"250\" height=\"167\" src=\"http:\/\/www.sackaynakfiyatlari.org\/wp-content\/uploads\/2019\/07\/mikro-bant-sa\u00e7-kaynak-750-px-Copy.jpg\" alt=\"\" class=\"wp-image-31\"\/><\/figure><\/div>\n\n\n\n<p><em><strong>Sa\u00e7 Kaynaklar\u0131<\/strong><\/em> y\u00fczy\u0131llardan beri sa\u00e7lar\u0131n\u0131 uzun hayal eden ki\u015filer i\u00e7in son y\u00fczy\u0131l\u0131n en b\u00fcy\u00fck ke\u015fiflerinden bir tanesidir. <em><strong>Sa\u00e7 Kayna\u011f\u0131<\/strong><\/em>\n ile sa\u00e7lar\u0131n\u0131n hacimsizli\u011fi ve k\u0131sal\u0131\u011f\u0131ndan \u015fik\u00e2yet eden bir\u00e7ok ki\u015fi \nkendini daha iyi hissetmektedir. Psikologlar\u0131n yapm\u0131\u015f oldu\u011fu \nara\u015ft\u0131rmalarda sa\u00e7lar\u0131n\u0131 bir nedenden dolay\u0131 kestirmek zorunda kalan \nkad\u0131nlar\u0131n sa\u00e7lar\u0131 uzun kad\u0131nlardan daha \u00e7ok \u00f6zg\u00fcven ihtiyac\u0131 duydu\u011fu \na\u00e7\u0131klanm\u0131\u015ft\u0131r.<\/p>\n\n\n\n<p>Bunu \u015f\u00f6yle yorumlaya biliriz sa\u00e7lar\u0131 uzun olan kad\u0131n kendisini daha  \u00e7ekici ve g\u00fczel hisseder ve \u00f6zg\u00fcveni yerindedir. Bu benim kendi yorumum  elbette k\u0131sa sa\u00e7l\u0131 kad\u0131nlarda \u00f6zg\u00fcvenlidir. Fakat i\u015fin psikolojik boyutu  ve ara\u015ft\u0131rmalar kad\u0131n\u0131n sa\u00e7lar\u0131 uzun iken kendisine daha \u00e7ok  g\u00fcvendi\u011fini g\u00f6steriyor.<\/p>\n\n\n\n<p>Sa\u00e7 kayna\u011f\u0131 yap\u0131l\u0131\u015f \u015fekli ve ve teknikleri olarak kendi aras\u0131nda farkl\u0131 gruplarda toplanmaktad\u0131r.<\/p>\n\n\n\n<h2 class=\"wp-block-heading\">Yap\u0131\u015ft\u0131rma sistemi ile yap\u0131lan sa\u00e7 kaynak sistemleri<\/h2>\n\n\n\n<ul class=\"wp-block-list\"><li><strong>Keratin Kaynak<\/strong><\/li><li><strong>Mikro Bant Sa\u00e7 Kaynak<\/strong><\/li><li><strong>Tube Keratin Sa\u00e7 Kaynak<\/strong><\/li><\/ul>\n\n\n\n<ul class=\"wp-block-list\"><li>Silikon Sa\u00e7 kaynak (Biz bu Sa\u00e7 Kaynak y\u00f6ntemini hi\u00e7 tavsiye etmiyoruz)<\/li><li>Lazer Sa\u00e7 Kaynak<\/li><\/ul>\n\n\n\n<ul class=\"wp-block-list\"><li>\nS\u0131k\u0131\u015ft\u0131rma Y\u00f6ntemi ile yap\u0131lan Sa\u00e7 Kaynak\n<\/li><li><strong>Boncuk Kaynak<\/strong> di\u011fer ad\u0131yla <strong>Halka Sa\u00e7 Kayna\u011f\u0131<\/strong>.<\/li><li>T\u00fcp Sa\u00e7 Kaynak ~ Tube&nbsp; \u015feklinde metal halka lar\u0131n yard\u0131m\u0131 ile yap\u0131lmaktad\u0131r<br>\n\u00d6rg\u00fc , Ba\u011flama, Diki\u015f ve Tress Sa\u00e7 Kaynak Sistemleri\n<\/li><li>Brezilya d\u00fc\u011f\u00fcm\u00fc diye bilinen \u201d Brazilian Knot Hair Extensions\u201d bu sistem g\u00fcney Amerikada daha s\u0131k kullan\u0131lmaktad\u0131r.<\/li><li>\u00d6rg\u00fc sa\u00e7 kaynak sistemi.<\/li><li>Tress Sa\u00e7 Kaynak<\/li><\/ul>\n","protected":false},"excerpt":{"rendered":"<p>Sa\u00e7 Kaynak ; Sa\u00e7 Kaynaklar\u0131 y\u00fczy\u0131llardan beri sa\u00e7lar\u0131n\u0131 uzun hayal eden ki\u015filer i\u00e7in son y\u00fczy\u0131l\u0131n en b\u00fcy\u00fck ke\u015fiflerinden bir tanesidir. Sa\u00e7 Kayna\u011f\u0131 ile sa\u00e7lar\u0131n\u0131n hacimsizli\u011fi ve k\u0131sal\u0131\u011f\u0131ndan \u015fik\u00e2yet eden bir\u00e7ok ki\u015fi kendini daha iyi hissetmektedir. Psikologlar\u0131n yapm\u0131\u015f oldu\u011fu ara\u015ft\u0131rmalarda sa\u00e7lar\u0131n\u0131 bir nedenden dolay\u0131 kestirmek zorunda kalan kad\u0131nlar\u0131n<\/p>\n","protected":false},"author":1,"featured_media":0,"parent":0,"menu_order":0,"comment_status":"closed","ping_status":"closed","template":"page-FullWidth.php","meta":{"footnotes":""},"tags":[],"class_list":["post-30","page","type-page","status-publish","hentry"],"aioseo_notices":[],"_links":{"self":[{"href":"http:\/\/www.sackaynakfiyatlari.org\/index.php\/wp-json\/wp\/v2\/pages\/30","targetHints":{"allow":["GET"]}}],"collection":[{"href":"http:\/\/www.sackaynakfiyatlari.org\/index.php\/wp-json\/wp\/v2\/pages"}],"about":[{"href":"http:\/\/www.sackaynakfiyatlari.org\/index.php\/wp-json\/wp\/v2\/types\/page"}],"author":[{"embeddable":true,"href":"http:\/\/www.sackaynakfiyatlari.org\/index.php\/wp-json\/wp\/v2\/users\/1"}],"replies":[{"embeddable":true,"href":"http:\/\/www.sackaynakfiyatlari.org\/index.php\/wp-json\/wp\/v2\/comments?post=30"}],"version-history":[{"count":1,"href":"http:\/\/www.sackaynakfiyatlari.org\/index.php\/wp-json\/wp\/v2\/pages\/30\/revisions"}],"predecessor-version":[{"id":33,"href":"http:\/\/www.sackaynakfiyatlari.org\/index.php\/wp-json\/wp\/v2\/pages\/30\/revisions\/33"}],"wp:attachment":[{"href":"http:\/\/www.sackaynakfiyatlari.org\/index.php\/wp-json\/wp\/v2\/media?parent=30"}],"wp:term":[{"taxonomy":"post_tag","embeddable":true,"href":"http:\/\/www.sackaynakfiyatlari.org\/index.php\/wp-json\/wp\/v2\/tags?post=30"}],"curies":[{"name":"wp","href":"https:\/\/api.w.org\/{rel}","templated":true}]}}