{"id":34,"date":"2019-07-08T15:54:20","date_gmt":"2019-07-08T12:54:20","guid":{"rendered":"http:\/\/www.sackaynakfiyatlari.org\/?page_id=34"},"modified":"2019-07-08T15:54:20","modified_gmt":"2019-07-08T12:54:20","slug":"halka-kaynak","status":"publish","type":"page","link":"http:\/\/www.sackaynakfiyatlari.org\/index.php\/halka-kaynak\/","title":{"rendered":"Halka Kaynak"},"content":{"rendered":"\n<h1 class=\"wp-block-heading\">Halka Kaynak&nbsp; &amp; Boncuk Kaynak,<\/h1>\n\n\n\n<p>Sa\u00e7 uzatma ve yo\u011funla\u015ft\u0131rma i\u015flemlerinin T\u00fcrkiye\u2019de en fazla uygulamaya sahip<a href=\"https:\/\/web.archive.org\/web\/20180709223936\/http:\/\/www.sackaynakfiyatlari.org\/sac-kaynak\"> sa\u00e7 kaynak<\/a>\n y\u00f6ntemlerindendir. Bu sa\u00e7 kaynak y\u00f6ntemi kullan\u0131m a\u00e7\u0131s\u0131ndan ve uygulama\n a\u00e7\u0131s\u0131ndan en pratik ve sa\u011fl\u0131kl\u0131 uygulamalardan bir tanesidir. Sa\u00e7 \nkayna\u011f\u0131n\u0131n zararlar\u0131 konusunda bir\u00e7ok \u015fey duymu\u015f olabilirisiniz bir \n\u00e7o\u011fununda abart\u0131l\u0131 olsa da ger\u00e7ek pay\u0131 vard\u0131r!<\/p>\n\n\n\n<p>Fakat boncuk kaynak ya da di\u011fer ad\u0131yla halka kaynak sistemi di\u011fer \nb\u00fct\u00fcn sa\u00e7 kaynaklar\u0131n\u0131n en g\u00fcvenilir ve en bilin\u00e7siz ki\u015fi taraf\u0131ndan \ndahi yap\u0131lsa en az zarar veren y\u00f6ntemidir.<\/p>\n\n\n\n<p>Burada Sa\u00e7 kayna\u011f\u0131n\u0131n zararlar\u0131ndan bahsediyorum bir sa\u00e7 kaynak \nuzman\u0131 olarak belki ticari olarak yanl\u0131\u015f fakat etik olarak do\u011fru \noldu\u011funu d\u00fc\u015f\u00fcn\u00fcyorum. Y\u00fczlerce lira vererek yapt\u0131rd\u0131\u011f\u0131n\u0131z sa\u00e7 kayna\u011f\u0131n\u0131n\n kar\u015f\u0131l\u0131\u011f\u0131nda g\u00fczelle\u015fmek ve daha \u00f6zg\u00fcven dolu hissetmek istersiniz.<\/p>\n\n\n\n<p>Bilin\u00e7siz ki\u015filerin ticari \u00e7\u0131karlar\u0131 y\u00fcz\u00fcnden yap\u0131lan sa\u00e7 kaynak \nkurbanlar\u0131ndan olmaman\u0131z i\u00e7in l\u00fctfen tabelas\u0131nda sa\u00e7 kaynak yap\u0131l\u0131r \nyazan her yere g\u00fcvenmeyin. Yapm\u0131\u015f oldu\u011fu i\u015flere ve firman\u0131n ve sahibinin\n ge\u00e7mi\u015fine bak\u0131n. Sa\u00e7tan ne kadar anl\u0131yor ve size ne kadar sa\u00e7 kaynak \nuygulamas\u0131 yapabilir.<\/p>\n\n\n\n<p><strong>Sach Sa\u00e7 Kaynak Merkezi <\/strong>olarak sa\u00e7lar\u0131n\u0131za imzam\u0131z\u0131 atmaya haz\u0131r\u0131z. Ya siz g\u00fczel ve uzun sa\u00e7lara sahip olmaya haz\u0131r m\u0131s\u0131n\u0131z?<\/p>\n\n\n\n<h2 class=\"wp-block-heading\" style=\"text-align:right\"><strong>Sach \u00ae sa\u00e7 kaynak uzman\u0131 Murat Koluk\u0131r\u0131k<\/strong><\/h2>\n","protected":false},"excerpt":{"rendered":"<p>Halka Kaynak&nbsp; &amp; Boncuk Kaynak, Sa\u00e7 uzatma ve yo\u011funla\u015ft\u0131rma i\u015flemlerinin T\u00fcrkiye\u2019de en fazla uygulamaya sahip sa\u00e7 kaynak y\u00f6ntemlerindendir. Bu sa\u00e7 kaynak y\u00f6ntemi kullan\u0131m a\u00e7\u0131s\u0131ndan ve uygulama a\u00e7\u0131s\u0131ndan en pratik ve sa\u011fl\u0131kl\u0131 uygulamalardan bir tanesidir. Sa\u00e7 kayna\u011f\u0131n\u0131n zararlar\u0131 konusunda bir\u00e7ok \u015fey duymu\u015f olabilirisiniz bir \u00e7o\u011fununda abart\u0131l\u0131 olsa da<\/p>\n","protected":false},"author":1,"featured_media":0,"parent":0,"menu_order":0,"comment_status":"closed","ping_status":"closed","template":"","meta":{"footnotes":""},"tags":[],"class_list":["post-34","page","type-page","status-publish","hentry"],"aioseo_notices":[],"_links":{"self":[{"href":"http:\/\/www.sackaynakfiyatlari.org\/index.php\/wp-json\/wp\/v2\/pages\/34","targetHints":{"allow":["GET"]}}],"collection":[{"href":"http:\/\/www.sackaynakfiyatlari.org\/index.php\/wp-json\/wp\/v2\/pages"}],"about":[{"href":"http:\/\/www.sackaynakfiyatlari.org\/index.php\/wp-json\/wp\/v2\/types\/page"}],"author":[{"embeddable":true,"href":"http:\/\/www.sackaynakfiyatlari.org\/index.php\/wp-json\/wp\/v2\/users\/1"}],"replies":[{"embeddable":true,"href":"http:\/\/www.sackaynakfiyatlari.org\/index.php\/wp-json\/wp\/v2\/comments?post=34"}],"version-history":[{"count":1,"href":"http:\/\/www.sackaynakfiyatlari.org\/index.php\/wp-json\/wp\/v2\/pages\/34\/revisions"}],"predecessor-version":[{"id":36,"href":"http:\/\/www.sackaynakfiyatlari.org\/index.php\/wp-json\/wp\/v2\/pages\/34\/revisions\/36"}],"wp:attachment":[{"href":"http:\/\/www.sackaynakfiyatlari.org\/index.php\/wp-json\/wp\/v2\/media?parent=34"}],"wp:term":[{"taxonomy":"post_tag","embeddable":true,"href":"http:\/\/www.sackaynakfiyatlari.org\/index.php\/wp-json\/wp\/v2\/tags?post=34"}],"curies":[{"name":"wp","href":"https:\/\/api.w.org\/{rel}","templated":true}]}}