{"id":40,"date":"2019-07-08T15:58:10","date_gmt":"2019-07-08T12:58:10","guid":{"rendered":"http:\/\/www.sackaynakfiyatlari.org\/?page_id=40"},"modified":"2019-07-08T15:58:10","modified_gmt":"2019-07-08T12:58:10","slug":"mikro-sac-kaynak","status":"publish","type":"page","link":"http:\/\/www.sackaynakfiyatlari.org\/index.php\/mikro-sac-kaynak\/","title":{"rendered":"Mikro Sa\u00e7 Kaynak"},"content":{"rendered":"\n<h2 class=\"wp-block-heading\">Son Sistem Sa\u00e7 Kayna\u011f\u0131 Mikro Sa\u00e7 Kaynak Extend Magic<\/h2>\n\n\n\n<p>Hollywood y\u0131ld\u0131zlar\u0131n\u0131n uzun sa\u00e7lar\u0131n\u0131n s\u0131rr\u0131 <em><strong>mikro sa\u00e7 kaynak extend magic<\/strong><\/em> T\u00fcrkiye\u2019de. <\/p>\n\n\n\n<p><strong>Extend Magic Mikro Sa\u00e7 Kaynak <\/strong>ile sa\u00e7lar\u0131 seyrek \nolan ki\u015filere hacim kazand\u0131rma, sa\u00e7lar\u0131 k\u0131sa olan ki\u015flerde sa\u00e7 uzatma \ni\u015flemleri mikro \u00f6l\u00e7\u00fclerde uygulanmaktad\u0131r.&nbsp; Mikro sa\u00e7 kaynak ile minimum\n incelikte mikro sa\u00e7 kaynak ve sa\u00e7 g\u00fcrle\u015ftirme i\u015fleminde ise <strong>nano sa\u00e7 kaynak<\/strong> teknolojisi kullan\u0131lmaktad\u0131r.<\/p>\n\n\n\n<p>Bu iki i\u015flemin birbirinden fark\u0131 <strong>mikro sa\u00e7 kaynak<\/strong> uygulamas\u0131 normal boncuk kaynak uygulamas\u0131ndan \u00fc\u00e7te bir oran\u0131nda ince olmas\u0131d\u0131r. <strong>Nano sa\u00e7 kaynak<\/strong> ta ise <em>mikro sa\u00e7 kayna\u011f\u0131n<\/em> \u00fc\u00e7te biri inceli\u011finde olmas\u0131d\u0131r.<\/p>\n\n\n\n<p>Mikro sa\u00e7 kaynak ve Nano Sa\u00e7 Kayna\u011f\u0131 ile ayr\u0131nt\u0131l\u0131 bilgi almak i\u00e7in resmi web sitemizde <strong><em><a href=\"http:\/\/www.sach.com.tr\/mikro-sac-kaynak\" target=\"_blank\" rel=\"noreferrer noopener\" aria-label=\" (yeni sekmede a\u00e7\u0131l\u0131r)\">Mikro Sa\u00e7 Kaynak<\/a><\/em><\/strong> sayfam\u0131z\u0131 inceleyebilirsiniz.<\/p>\n","protected":false},"excerpt":{"rendered":"<p>Son Sistem Sa\u00e7 Kayna\u011f\u0131 Mikro Sa\u00e7 Kaynak Extend Magic Hollywood y\u0131ld\u0131zlar\u0131n\u0131n uzun sa\u00e7lar\u0131n\u0131n s\u0131rr\u0131 mikro sa\u00e7 kaynak extend magic T\u00fcrkiye\u2019de. Extend Magic Mikro Sa\u00e7 Kaynak ile sa\u00e7lar\u0131 seyrek olan ki\u015filere hacim kazand\u0131rma, sa\u00e7lar\u0131 k\u0131sa olan ki\u015flerde sa\u00e7 uzatma i\u015flemleri mikro \u00f6l\u00e7\u00fclerde uygulanmaktad\u0131r.&nbsp; Mikro sa\u00e7 kaynak ile minimum<\/p>\n","protected":false},"author":1,"featured_media":0,"parent":0,"menu_order":0,"comment_status":"closed","ping_status":"closed","template":"page-FullWidth.php","meta":{"footnotes":""},"tags":[],"class_list":["post-40","page","type-page","status-publish","hentry"],"aioseo_notices":[],"_links":{"self":[{"href":"http:\/\/www.sackaynakfiyatlari.org\/index.php\/wp-json\/wp\/v2\/pages\/40","targetHints":{"allow":["GET"]}}],"collection":[{"href":"http:\/\/www.sackaynakfiyatlari.org\/index.php\/wp-json\/wp\/v2\/pages"}],"about":[{"href":"http:\/\/www.sackaynakfiyatlari.org\/index.php\/wp-json\/wp\/v2\/types\/page"}],"author":[{"embeddable":true,"href":"http:\/\/www.sackaynakfiyatlari.org\/index.php\/wp-json\/wp\/v2\/users\/1"}],"replies":[{"embeddable":true,"href":"http:\/\/www.sackaynakfiyatlari.org\/index.php\/wp-json\/wp\/v2\/comments?post=40"}],"version-history":[{"count":1,"href":"http:\/\/www.sackaynakfiyatlari.org\/index.php\/wp-json\/wp\/v2\/pages\/40\/revisions"}],"predecessor-version":[{"id":42,"href":"http:\/\/www.sackaynakfiyatlari.org\/index.php\/wp-json\/wp\/v2\/pages\/40\/revisions\/42"}],"wp:attachment":[{"href":"http:\/\/www.sackaynakfiyatlari.org\/index.php\/wp-json\/wp\/v2\/media?parent=40"}],"wp:term":[{"taxonomy":"post_tag","embeddable":true,"href":"http:\/\/www.sackaynakfiyatlari.org\/index.php\/wp-json\/wp\/v2\/tags?post=40"}],"curies":[{"name":"wp","href":"https:\/\/api.w.org\/{rel}","templated":true}]}}