{"id":43,"date":"2019-07-08T15:59:20","date_gmt":"2019-07-08T12:59:20","guid":{"rendered":"http:\/\/www.sackaynakfiyatlari.org\/?page_id=43"},"modified":"2019-07-08T15:59:20","modified_gmt":"2019-07-08T12:59:20","slug":"mikro-sac-kaynak-nedir","status":"publish","type":"page","link":"http:\/\/www.sackaynakfiyatlari.org\/index.php\/mikro-sac-kaynak-nedir\/","title":{"rendered":"Mikro Sa\u00e7 Kaynak Nedir"},"content":{"rendered":"\n<h4 class=\"wp-block-heading\">Mikro Sa\u00e7 Kaynak Nedir<\/h4>\n\n\n\n<p><strong>Mikro Sa\u00e7 Kaynak Detaylar\u0131 ve Merak Ettikleriniz <\/strong><\/p>\n\n\n\n<p>Evet Mikro sa\u00e7 kaynak yapt\u0131rmay\u0131 d\u00fc\u015f\u00fcn\u00fcyorsan\u0131z mutlaka bu b\u00f6l\u00fcm\u00fc okumal\u0131s\u0131n\u0131z.<br>\nHer\u015fey den \u00f6nce \u015funu belirtmemiz gerekir . Bizim yapm\u0131\u015f oldu\u011fumuz \nuygulaman\u0131n orijinal ad\u0131 M\u0130KRO KAPS\u00dcL SA\u00c7 KAYNAK d\u0131r. Mikro jel kaynak \nveya ba\u015fka isimler yap\u0131lan kaynaklarla alakas\u0131 yoktur. Genelde piyasada \ndaha uygun fiyata yap\u0131lan ve Mikro kaynak ad\u0131 alt\u0131nda bahsi ge\u00e7en \u00e7o\u011fu \nuygulaman\u0131 sonucu h\u00fcsrand\u0131r.<\/p>\n\n\n\n<p>Ger\u00e7ek bir Mikro kaynak uygulamas\u0131n\u0131n fiyat\u0131 yap\u0131\u015ft\u0131r\u0131c\u0131s\u0131ndan dolay\u0131\n daha y\u00fcksektir.&nbsp; Sa\u00e7lar\u0131n\u0131z\u0131n zarar g\u00f6rmesini istemiyorsan\u0131z ayn\u0131 \nzamanda kaynak oldu\u011fu da belli olmas\u0131n istiyorsan\u0131z bu uygulamay\u0131 tercih\n edebilirsiniz.<\/p>\n\n\n\n<div class=\"wp-block-image\"><figure class=\"alignright\"><a href=\"https:\/\/web.archive.org\/web\/20180708223731\/http:\/\/www.sackaynakfiyatlari.org\/wp-content\/uploads\/2015\/06\/kaynak-sa\u00e7lar-e1434572513368.jpg\"><img decoding=\"async\" src=\"https:\/\/web.archive.org\/web\/20180708223731im_\/http:\/\/www.sackaynakfiyatlari.org\/wp-content\/uploads\/2015\/06\/kaynak-sa\u00e7lar-e1434572513368-200x300.jpg\" alt=\"kaynak sa\u00e7lar\" class=\"wp-image-931\"\/><\/a><\/figure><\/div>\n\n\n\n<p>Toplam kullan\u0131m s\u00fcresi sizin sa\u00e7\u0131n\u0131z\u0131n uzama ile do\u011fru orant\u0131l\u0131d\u0131r. \nSa\u00e7lar\u0131n\u0131z \u00e7abuk uzarsa e\u011fer yap\u0131lan kaynaklar da a\u015fa\u011f\u0131ya do\u011fru iner ve \ng\u00f6r\u00fcnmeye ba\u015flar.<br>\nGenelde 3 ay ile 6 ay aras\u0131 bir s\u00fcre\u00e7 diyebiliriz. Bu arada da birka\u00e7 \nadet d\u00f6k\u00fclen veya d\u00fc\u015fenler olabilir . bunlarda bizim \u00fccretsiz olarak \nsize sundu\u011fumuz ayl\u0131k bak\u0131mlarda tak\u0131lmaktad\u0131r.<br>\n\u00c7\u0131kartma i\u015flemi basittir. Kendi \u00f6zel \u00e7\u0131kar\u0131c\u0131 sol\u00fcsyonu ile kolayl\u0131kla \n\u00e7\u0131kar. Fakat bunun haricinde hi\u00e7bir \u00e7\u0131kar\u0131c\u0131 ile \u00e7\u00f6z\u00fclmez. Bunun i\u00e7in \nsach sa\u00e7 kaynak merkezi nde \u00e7\u0131kartabilir veya \u00e7\u0131kar\u0131c\u0131s\u0131n\u0131 sat\u0131n \nalabilirsiniz.<\/p>\n\n\n\n<p>Bir \u00e7ok firma daha uyguna ald\u0131klar\u0131 \u00c7in den getirttikleri malzemeler \ny\u00fcz\u00fcnden piyasadak\u00f6t\u00fc uygulamalara , internet \u00fczerinde de do\u011fru olmayan \nyanl\u0131\u015f bilgilere sebebiyet vermektedir.<br>\nSach Sa\u00e7 kaynak merkezi olarak yapm\u0131\u015f oldu\u011fumuz uygulaman\u0131n her zaman \narkas\u0131nday\u0131z. Avantajlar\u0131 ve Dezavantajlar ne ise hepsi teker teker \nanlat\u0131makta, kullan\u0131m\u0131nda zorlanacak olan ki\u015filer ise uyar\u0131lmaktad\u0131r.<\/p>\n\n\n\n<p>K\u0131sacas\u0131 sa\u00e7lar\u0131na \u00f6zen g\u00f6sterin biri iseniz Mikro&nbsp; kaps\u00fcl sa\u00e7 kaynak y\u00f6ntemini sizlere tavsiye ediyoruz.<\/p>\n\n\n\n<p>Di\u011fer uygulamalar\u0131m\u0131z :<\/p>\n\n\n\n<ul class=\"wp-block-list\"><li>Mikro Sa\u00e7 Kaynak<\/li><li>Boncuk Sa\u00e7 Kaynak<\/li><li>Keratin Sa\u00e7 Kaynak<\/li><li>\u0130talyan keratin sa\u00e7 kaynak<\/li><li>Tres Sa\u00e7 Kaynak<\/li><li>\u00d6rg\u00fc Sa\u00e7 Kaynak<\/li><li>Nano Sa\u00e7 Kaynak<\/li><li>Peruk<\/li><li>Nanofilament<\/li><li>Takma ka\u015f<\/li><li>Takma Kahkul<\/li><li>Yar\u0131m ay , posti\u015f<\/li><\/ul>\n\n\n\n<p style=\"text-align:right\">Randevu ve&nbsp; detaylar i\u00e7in <em><strong>444 3 671<\/strong><\/em> \u00c7a\u011fr\u0131 Merkezimizi arayabilirsiniz.<\/p>\n\n\n\n<p>Bizi sosyal medya da takip etmek isterseniz ekleyin l\u00fctfen ;<\/p>\n\n\n\n<ul class=\"wp-block-list\"><li>Facebook sayfam\u0131z : https:\/\/www.facebook.com\/sach.sac.kaynak.merkezi<\/li><li>\u0130nstagram sayfam\u0131z : http:\/\/instagram.com\/sackaynak#<\/li><li>Youtube : https:\/\/www.youtube.com\/user\/sackaynak\/videos<\/li><\/ul>\n","protected":false},"excerpt":{"rendered":"<p>Mikro Sa\u00e7 Kaynak Nedir Mikro Sa\u00e7 Kaynak Detaylar\u0131 ve Merak Ettikleriniz Evet Mikro sa\u00e7 kaynak yapt\u0131rmay\u0131 d\u00fc\u015f\u00fcn\u00fcyorsan\u0131z mutlaka bu b\u00f6l\u00fcm\u00fc okumal\u0131s\u0131n\u0131z. Her\u015fey den \u00f6nce \u015funu belirtmemiz gerekir . Bizim yapm\u0131\u015f oldu\u011fumuz uygulaman\u0131n orijinal ad\u0131 M\u0130KRO KAPS\u00dcL SA\u00c7 KAYNAK d\u0131r. Mikro jel kaynak veya ba\u015fka isimler yap\u0131lan kaynaklarla<\/p>\n","protected":false},"author":1,"featured_media":0,"parent":0,"menu_order":0,"comment_status":"closed","ping_status":"closed","template":"page-FullWidth.php","meta":{"footnotes":""},"tags":[],"class_list":["post-43","page","type-page","status-publish","hentry"],"aioseo_notices":[],"_links":{"self":[{"href":"http:\/\/www.sackaynakfiyatlari.org\/index.php\/wp-json\/wp\/v2\/pages\/43","targetHints":{"allow":["GET"]}}],"collection":[{"href":"http:\/\/www.sackaynakfiyatlari.org\/index.php\/wp-json\/wp\/v2\/pages"}],"about":[{"href":"http:\/\/www.sackaynakfiyatlari.org\/index.php\/wp-json\/wp\/v2\/types\/page"}],"author":[{"embeddable":true,"href":"http:\/\/www.sackaynakfiyatlari.org\/index.php\/wp-json\/wp\/v2\/users\/1"}],"replies":[{"embeddable":true,"href":"http:\/\/www.sackaynakfiyatlari.org\/index.php\/wp-json\/wp\/v2\/comments?post=43"}],"version-history":[{"count":1,"href":"http:\/\/www.sackaynakfiyatlari.org\/index.php\/wp-json\/wp\/v2\/pages\/43\/revisions"}],"predecessor-version":[{"id":45,"href":"http:\/\/www.sackaynakfiyatlari.org\/index.php\/wp-json\/wp\/v2\/pages\/43\/revisions\/45"}],"wp:attachment":[{"href":"http:\/\/www.sackaynakfiyatlari.org\/index.php\/wp-json\/wp\/v2\/media?parent=43"}],"wp:term":[{"taxonomy":"post_tag","embeddable":true,"href":"http:\/\/www.sackaynakfiyatlari.org\/index.php\/wp-json\/wp\/v2\/tags?post=43"}],"curies":[{"name":"wp","href":"https:\/\/api.w.org\/{rel}","templated":true}]}}