{"id":46,"date":"2019-07-08T16:01:08","date_gmt":"2019-07-08T13:01:08","guid":{"rendered":"http:\/\/www.sackaynakfiyatlari.org\/?page_id=46"},"modified":"2019-08-19T15:16:33","modified_gmt":"2019-08-19T12:16:33","slug":"mikro-bant-kaynak","status":"publish","type":"page","link":"http:\/\/www.sackaynakfiyatlari.org\/index.php\/mikro-bant-kaynak\/","title":{"rendered":"Mikro Bant Kaynak"},"content":{"rendered":"\n<h2 class=\"wp-block-heading\">Mikro Bant Kaynak<\/h2>\n\n\n\n<p>Bu Yaz Mikro Bant Trend<\/p>\n\n\n\n<p>Y\u0131l oldu 2017<br>\nT\u00fcm kad\u0131nlar elbetteki g\u00fczellik s\u0131rlar\u0131n\u0131n pe\u015finde<br>\nBunlardan biri ve en \u00f6nemlisi de tabiki Uzun Sa\u00e7lar<br>\nFakat boyama i\u015flemleri ya da g\u00fcnl\u00fck hayatta yapm\u0131\u015f oldu\u011fumuz bir \u00e7ok \nuygulama asl\u0131nda sa\u00e7lara zarar vermekte . Bundan dolay\u0131 da sa\u00e7lar\u0131n\u0131 \nuzatamayan kad\u0131nlar ge\u00e7re\u011fi ile kar\u015f\u0131 kar\u0131yay\u0131z<br>\nSach Sa\u00e7 Kaynak Merkezi olarak bunun iin \u00e7\u00f6z\u00fcm bulma pe\u015finde \ngitmedi\u011fimiz fuar , yapmad\u0131\u011f\u0131m\u0131z etkinlik , denemedi\u011fimiz form\u00fcller \nkalmad\u0131<br>\nFakat bir form\u00fcl var ki<\/p>\n\n\n\n<p>\u00d6zellikle<\/p>\n\n\n\n<ul class=\"wp-block-list\"><li>Sa\u00e7a zarar vermeyen<\/li><li> H\u0131zl\u0131 tak\u0131m s\u00fcreci<\/li><li> Antialerjik<\/li><li> Konforlu<\/li><li> \u00c7\u0131kartmas\u0131 kolay<\/li><\/ul>\n\n\n\n<p>Asl\u0131nda eski bir teknik gibi g\u00f6r\u00fcnse de revize edilmi\u015f <em><strong>Mikro Bant Sa\u00e7 Kaynak Sistemi<\/strong><\/em><\/p>\n\n\n\n<p>Daha \u00f6nceden tabiki vard\u0131 fakat genelde \u00c7in de \u00fcretildi\u011fi i\u00e7in ba\u015far\u0131s\u0131z olan bu sistemi Murat Koluk\u0131r\u0131k revize etti<br>\nDaha kolay uygulama ve h\u0131zl\u0131 tak\u0131m tekni\u011fiyle sizi rahata \nkavu\u015fturabilecek % 100 Ger\u00e7ek \u0130nsan Sa\u00e7\u0131ndan Haz\u0131rlanm\u0131\u015f ve tamam\u0131n\u0131n \n\u00fcretimi Sach Sa\u00e7 Kaynak Fabrikas\u0131 nda olan<br>\nMikro Bant Uygulamalar\u0131 sizleri bekliyor<\/p>\n\n\n\n<p>\u00d6zellikle Modeller \u00fczerinde yap\u0131m a\u015famas\u0131 k\u0131sa s\u00fcren bu uygulamalar\u0131 sizlere g\u00f6sterdik<br>\nFoto\u011fraflad\u0131k ve Video lad\u0131k<br>\nUmar\u0131z be\u011fenirsiniz<\/p>\n\n\n\n<p>Sa\u00e7lar\u0131n\u0131z yormayan ve en fazla 30 dk \u2013 45 dk s\u00fcren bu sistemi uygulatmak istiyorsan\u0131z<\/p>\n","protected":false},"excerpt":{"rendered":"<p>Mikro Bant Kaynak Bu Yaz Mikro Bant Trend Y\u0131l oldu 2017 T\u00fcm kad\u0131nlar elbetteki g\u00fczellik s\u0131rlar\u0131n\u0131n pe\u015finde Bunlardan biri ve en \u00f6nemlisi de tabiki Uzun Sa\u00e7lar Fakat boyama i\u015flemleri ya da g\u00fcnl\u00fck hayatta yapm\u0131\u015f oldu\u011fumuz bir \u00e7ok uygulama asl\u0131nda sa\u00e7lara zarar vermekte . Bundan dolay\u0131 da sa\u00e7lar\u0131n\u0131<\/p>\n","protected":false},"author":1,"featured_media":0,"parent":0,"menu_order":0,"comment_status":"closed","ping_status":"closed","template":"page-FullWidth.php","meta":{"footnotes":""},"tags":[20,22,23,21],"class_list":["post-46","page","type-page","status-publish","hentry","tag-mikro-bant-kaynak","tag-mikro-bant-sac-kaynak-sistemi","tag-mikro-bant-uygulamalari","tag-saca-zarar-vermeyen-kaynak"],"aioseo_notices":[],"_links":{"self":[{"href":"http:\/\/www.sackaynakfiyatlari.org\/index.php\/wp-json\/wp\/v2\/pages\/46","targetHints":{"allow":["GET"]}}],"collection":[{"href":"http:\/\/www.sackaynakfiyatlari.org\/index.php\/wp-json\/wp\/v2\/pages"}],"about":[{"href":"http:\/\/www.sackaynakfiyatlari.org\/index.php\/wp-json\/wp\/v2\/types\/page"}],"author":[{"embeddable":true,"href":"http:\/\/www.sackaynakfiyatlari.org\/index.php\/wp-json\/wp\/v2\/users\/1"}],"replies":[{"embeddable":true,"href":"http:\/\/www.sackaynakfiyatlari.org\/index.php\/wp-json\/wp\/v2\/comments?post=46"}],"version-history":[{"count":1,"href":"http:\/\/www.sackaynakfiyatlari.org\/index.php\/wp-json\/wp\/v2\/pages\/46\/revisions"}],"predecessor-version":[{"id":48,"href":"http:\/\/www.sackaynakfiyatlari.org\/index.php\/wp-json\/wp\/v2\/pages\/46\/revisions\/48"}],"wp:attachment":[{"href":"http:\/\/www.sackaynakfiyatlari.org\/index.php\/wp-json\/wp\/v2\/media?parent=46"}],"wp:term":[{"taxonomy":"post_tag","embeddable":true,"href":"http:\/\/www.sackaynakfiyatlari.org\/index.php\/wp-json\/wp\/v2\/tags?post=46"}],"curies":[{"name":"wp","href":"https:\/\/api.w.org\/{rel}","templated":true}]}}