{"id":49,"date":"2019-07-08T16:02:28","date_gmt":"2019-07-08T13:02:28","guid":{"rendered":"http:\/\/www.sackaynakfiyatlari.org\/?page_id=49"},"modified":"2019-07-08T16:02:28","modified_gmt":"2019-07-08T13:02:28","slug":"kelebek-bant-kaynak","status":"publish","type":"page","link":"http:\/\/www.sackaynakfiyatlari.org\/index.php\/kelebek-bant-kaynak\/","title":{"rendered":"Kelebek Bant Kaynak"},"content":{"rendered":"\n<h2 class=\"wp-block-heading\">Kelebek Bant Kaynak<\/h2>\n\n\n\n<p>Kelebek\n Bant Kaynak ile \u0130lgili size k\u0131sa bir ge\u00e7mi\u015fden bahsedece\u011fiz.&nbsp; Son \nzamanlarda do\u011fu taraf\u0131nda \u00e7ok tren olan bu uygulama T\u00fcrkiyede maalesef \nyanl\u0131\u015f yap\u0131lan uygulamalar ve k\u00f6t\u00fc sa\u00e7lardan dolay\u0131 yanl\u0131\u015f tan\u0131nm\u0131\u015ft\u0131r .\n Peki neden dolay\u0131 b\u00f6yle oldu veya \u015fu anki durum nedir . Bunlara a\u00e7\u0131kl\u0131k\n getirmek istiyoruz . O zaman ba\u015flayal\u0131m .<\/p>\n\n\n\n<p>\u00d6zellikle \u00c7in den getirilen yar\u0131 sentetik sa\u00e7lar uygulama yap\u0131ld\u0131ktan sonra kar\u0131\u015fma ve dola\u015fmaya sebep olmu\u015ftur<br>\nAyr\u0131ca yap\u0131\u015ft\u0131r\u0131c\u0131n\u0131n da iyi olmamas\u0131 sa\u00e7lar\u0131n oldu\u011fundan daha erken zamanda d\u00f6k\u00fclmesine sebebiyet vermi\u015ftir<br>\nDolay\u0131s\u0131yla daha sistem \u00fclkemizde tam oturmadan maalesef k\u00f6t\u00fc bir \u015fekilde tan\u0131nm\u0131i ve ad\u0131 lekelenmi\u015ftir.<br>\nSach Sa\u00e7 Sistemleri \u0130thalat \u0130hracat A. \u015e olarak bu duruma kendi \u00fcr\u00fcnlerimizi yaparak el atma gere\u011fi hissettik<br>\nYurt d\u0131\u015f\u0131nda bir \u00e7ok \u00fcnl\u00fcn\u00fcn kullanm\u0131\u015f oldu\u011fu bu sa\u00e7lar\u0131 kendi at\u00f6lyemizde kendi sa\u00e7lar\u0131m\u0131zla yapmaya ba\u015flad\u0131k<\/p>\n\n\n\n<p>Sonu\u00e7 ? Tabiki \u00c7ok \u0130yi<\/p>\n\n\n\n<p>\u015eu an sadece kendi m\u00fc\u015fterilerimize uygulamak i\u00e7in de\u011fil ayn\u0131 zamanda \ndi\u011fer sa\u00e7 kaynak merkezleri ve kuaf\u00f6r salonlar\u0131na sat\u0131\u015f yapmaktay\u0131z .<\/p>\n\n\n\n<p>Peki bu Uygulaman\u0131n Avantajlar\u0131 ve Dezavantajlar\u0131 Nelerdir ?<\/p>\n\n\n\n<p>Hem uygulamas\u0131 kolay hemde sa\u00e7a zarar vermiyor<br>\nEn fazla bir , bir bu\u00e7uk saatte i\u015fleminiz sona eriyor<br>\nYani hem zamandan hem de fiyattan avantajl\u0131 olmu\u015f oluyor<br>\nBu arada Uygulama yine K\u0131sa Sa\u00e7lara da yap\u0131labiliyor<\/p>\n\n\n\n<p>Setler Var ;<\/p>\n\n\n\n<p>100 gr \/ 150 gr \/ 200 gr \/ 250 gr l\u0131k Setler halinde paketleniyor ve \nkar\u015f\u0131n\u0131za sizin sa\u00e7 renginize haz\u0131r bir \u015fekilde geliyor . Sizin sa\u00e7 \nyap\u0131n\u0131za uygun Gramaj Hangisidir .<\/p>\n\n\n\n<p style=\"text-align:right\">Daha detayl\u0131 bilgi ve Randevu i\u00e7in \u00c7a\u011fr\u0131 Merkezimizi arayabilirsiniz<\/p>\n\n\n\n<p style=\"text-align:right\">444 3 671<br>\n0532 592 8842<\/p>\n","protected":false},"excerpt":{"rendered":"<p>Kelebek Bant Kaynak Kelebek Bant Kaynak ile \u0130lgili size k\u0131sa bir ge\u00e7mi\u015fden bahsedece\u011fiz.&nbsp; Son zamanlarda do\u011fu taraf\u0131nda \u00e7ok tren olan bu uygulama T\u00fcrkiyede maalesef yanl\u0131\u015f yap\u0131lan uygulamalar ve k\u00f6t\u00fc sa\u00e7lardan dolay\u0131 yanl\u0131\u015f tan\u0131nm\u0131\u015ft\u0131r . Peki neden dolay\u0131 b\u00f6yle oldu veya \u015fu anki durum nedir . Bunlara a\u00e7\u0131kl\u0131k<\/p>\n","protected":false},"author":1,"featured_media":0,"parent":0,"menu_order":0,"comment_status":"closed","ping_status":"closed","template":"page-FullWidth.php","meta":{"footnotes":""},"tags":[],"class_list":["post-49","page","type-page","status-publish","hentry"],"aioseo_notices":[],"_links":{"self":[{"href":"http:\/\/www.sackaynakfiyatlari.org\/index.php\/wp-json\/wp\/v2\/pages\/49","targetHints":{"allow":["GET"]}}],"collection":[{"href":"http:\/\/www.sackaynakfiyatlari.org\/index.php\/wp-json\/wp\/v2\/pages"}],"about":[{"href":"http:\/\/www.sackaynakfiyatlari.org\/index.php\/wp-json\/wp\/v2\/types\/page"}],"author":[{"embeddable":true,"href":"http:\/\/www.sackaynakfiyatlari.org\/index.php\/wp-json\/wp\/v2\/users\/1"}],"replies":[{"embeddable":true,"href":"http:\/\/www.sackaynakfiyatlari.org\/index.php\/wp-json\/wp\/v2\/comments?post=49"}],"version-history":[{"count":1,"href":"http:\/\/www.sackaynakfiyatlari.org\/index.php\/wp-json\/wp\/v2\/pages\/49\/revisions"}],"predecessor-version":[{"id":51,"href":"http:\/\/www.sackaynakfiyatlari.org\/index.php\/wp-json\/wp\/v2\/pages\/49\/revisions\/51"}],"wp:attachment":[{"href":"http:\/\/www.sackaynakfiyatlari.org\/index.php\/wp-json\/wp\/v2\/media?parent=49"}],"wp:term":[{"taxonomy":"post_tag","embeddable":true,"href":"http:\/\/www.sackaynakfiyatlari.org\/index.php\/wp-json\/wp\/v2\/tags?post=49"}],"curies":[{"name":"wp","href":"https:\/\/api.w.org\/{rel}","templated":true}]}}