{"id":56,"date":"2019-07-08T16:13:02","date_gmt":"2019-07-08T13:13:02","guid":{"rendered":"http:\/\/www.sackaynakfiyatlari.org\/?page_id=56"},"modified":"2019-07-08T16:13:02","modified_gmt":"2019-07-08T13:13:02","slug":"postis","status":"publish","type":"page","link":"http:\/\/www.sackaynakfiyatlari.org\/index.php\/postis\/","title":{"rendered":"Posti\u015f"},"content":{"rendered":"\n<h1 class=\"wp-block-heading\">Posti\u015f Sa\u00e7 ,<\/h1>\n\n\n\n<div class=\"wp-block-image\"><figure class=\"alignleft\"><img loading=\"lazy\" decoding=\"async\" width=\"225\" height=\"300\" src=\"http:\/\/www.sackaynakfiyatlari.org\/wp-content\/uploads\/2019\/07\/Ponytail-Hair-Extensions-3-225x300.jpeg\" alt=\"\" class=\"wp-image-57\" srcset=\"http:\/\/www.sackaynakfiyatlari.org\/wp-content\/uploads\/2019\/07\/Ponytail-Hair-Extensions-3-225x300.jpeg 225w, http:\/\/www.sackaynakfiyatlari.org\/wp-content\/uploads\/2019\/07\/Ponytail-Hair-Extensions-3.jpeg 768w\" sizes=\"auto, (max-width: 225px) 100vw, 225px\" \/><\/figure><\/div>\n\n\n\n<p>Sa\u00e7 uzatma ve sa\u00e7 toplarken \u00f6zellikle gelin sa\u00e7 modelleri uygularken \n kullan\u0131lan \u00e7ok kullan\u0131\u015fl\u0131 ve pratik bir sa\u00e7 uzatma y\u00f6ntemi ve aksesuar\u0131\n  olarak kullan\u0131labilir.<\/p>\n\n\n\n<p>Posti\u015f kullanman\u0131n \u015fekilleri genelde tepede atkuyru\u011fu diye tabir  \netti\u011fimiz sa\u00e7 taplama sitemi ve yine ayn\u0131 modeli ensede toplama y\u00f6ntemi \n yada topuz uygulamalar\u0131nda ilave sa\u00e7 olarak kullan\u0131l\u0131r.<\/p>\n\n\n\n<p>Posti\u015f file \u00fczerine dikilmi\u015f olan tress sa\u00e7 lardan meydana gelir.   Tress sa\u00e7 ince ip \u00fczerine dikilmi\u015f olan sa\u00e7 tutamlar\u0131na verilen isimdir.<\/p>\n\n\n\n<p>Tress Sa\u00e7 \u0130p \u00dczerine Dikilmi\u015f Sa\u00e7 Tutamlar\u0131d\u0131r.<\/p>\n\n\n\n<p>Tress li sa\u00e7 file \u00fczerine genelde kendi  etraf\u0131nda daire \u015feklinde \ndikilerek yap\u0131lmaktad\u0131r ve en son tarak veya  sa\u00e7 lasti\u011fi ile sa\u00e7a \ntutturma y\u00f6ntemi ile sa\u00e7 tak\u0131l\u0131r.<\/p>\n\n\n\n<p>Sach Sa\u00e7 Kaynak Merkezi Posti\u015f sa\u00e7lar\u0131 kendisi 100% Do\u011fal Ger\u00e7ek insan sa\u00e7\u0131ndan imal etmektedir. <\/p>\n","protected":false},"excerpt":{"rendered":"<p>Posti\u015f Sa\u00e7 , Sa\u00e7 uzatma ve sa\u00e7 toplarken \u00f6zellikle gelin sa\u00e7 modelleri uygularken kullan\u0131lan \u00e7ok kullan\u0131\u015fl\u0131 ve pratik bir sa\u00e7 uzatma y\u00f6ntemi ve aksesuar\u0131 olarak kullan\u0131labilir. Posti\u015f kullanman\u0131n \u015fekilleri genelde tepede atkuyru\u011fu diye tabir etti\u011fimiz sa\u00e7 taplama sitemi ve yine ayn\u0131 modeli ensede toplama y\u00f6ntemi yada topuz<\/p>\n","protected":false},"author":1,"featured_media":0,"parent":0,"menu_order":0,"comment_status":"closed","ping_status":"closed","template":"page-FullWidth.php","meta":{"footnotes":""},"tags":[],"class_list":["post-56","page","type-page","status-publish","hentry"],"aioseo_notices":[],"_links":{"self":[{"href":"http:\/\/www.sackaynakfiyatlari.org\/index.php\/wp-json\/wp\/v2\/pages\/56","targetHints":{"allow":["GET"]}}],"collection":[{"href":"http:\/\/www.sackaynakfiyatlari.org\/index.php\/wp-json\/wp\/v2\/pages"}],"about":[{"href":"http:\/\/www.sackaynakfiyatlari.org\/index.php\/wp-json\/wp\/v2\/types\/page"}],"author":[{"embeddable":true,"href":"http:\/\/www.sackaynakfiyatlari.org\/index.php\/wp-json\/wp\/v2\/users\/1"}],"replies":[{"embeddable":true,"href":"http:\/\/www.sackaynakfiyatlari.org\/index.php\/wp-json\/wp\/v2\/comments?post=56"}],"version-history":[{"count":1,"href":"http:\/\/www.sackaynakfiyatlari.org\/index.php\/wp-json\/wp\/v2\/pages\/56\/revisions"}],"predecessor-version":[{"id":59,"href":"http:\/\/www.sackaynakfiyatlari.org\/index.php\/wp-json\/wp\/v2\/pages\/56\/revisions\/59"}],"wp:attachment":[{"href":"http:\/\/www.sackaynakfiyatlari.org\/index.php\/wp-json\/wp\/v2\/media?parent=56"}],"wp:term":[{"taxonomy":"post_tag","embeddable":true,"href":"http:\/\/www.sackaynakfiyatlari.org\/index.php\/wp-json\/wp\/v2\/tags?post=56"}],"curies":[{"name":"wp","href":"https:\/\/api.w.org\/{rel}","templated":true}]}}