{"id":70,"date":"2019-09-30T12:54:18","date_gmt":"2019-09-30T09:54:18","guid":{"rendered":"http:\/\/www.sackaynakfiyatlari.org\/?page_id=70"},"modified":"2024-07-15T20:54:28","modified_gmt":"2024-07-15T17:54:28","slug":"sac-kaynak-fiyatlari","status":"publish","type":"page","link":"http:\/\/www.sackaynakfiyatlari.org\/index.php\/sac-kaynak-fiyatlari\/","title":{"rendered":"Sa\u00e7 Kaynak Fiyatlar\u0131"},"content":{"rendered":"<h1>%100 Do\u011fal Garantili Sa\u00e7 Kaynak Fiyatlar\u0131<\/h1>\n<p><strong>Sach Sa\u00e7 Kaynak Merkezi<\/strong> uzmanlar\u0131 taraf\u0131ndan uygulanmakta olan D\u00fcnya \u00fczerindeki en son tekonoloji sa\u00e7 kaynak sistemlerini merkezimizde garantili yapt\u0131rabilirsiniz.<\/p>\n<p><strong>Sach Sach Kaynak Merkezi Florya<\/strong><\/p>\n<p><strong>Sa\u00e7 kaynak fiyatlar\u0131<\/strong> yap\u0131lan kaynak sistemine, sa\u00e7lar\u0131n\u0131\u0131zn rengine ve g\u00fcrl\u00fc\u011f\u00fcne g\u00f6re kullan\u0131lacak sa\u00e7 gramaj\u0131na g\u00f6re belirlenmektedir. A\u015f\u015fa\u011f\u0131daki sa\u00e7 kaynak fiyatlar\u0131 listesine bakarak yakla\u015f\u0131k olarak kaynak fiyatlar\u0131 hakk\u0131nda bilgiye sahip olabilirsiniz. En do\u011fru fiyat\u0131 sa\u00e7 kaynak uzmanlar\u0131m\u0131z taraf\u0131ndan sa\u00e7lar\u0131n\u0131z incelendikten sonra verilecektir.<\/p>\n<p>Merkezimizde 14 farkl\u0131 \u00e7e\u015fit sa\u00e7 kaynak sistemi garantili do\u011fal sa\u00e7 ile uygulanmaktad\u0131r. Kaynak uygulamalar\u0131 merkezimizde Berat Koluk\u0131r\u0131k taraf\u0131ndan yap\u0131lmaktad\u0131r. Kaynak i\u015flemi sonunda adaptasyon kesimi ve \u00fccretsiz yap\u0131lmaktad\u0131r\u2026<\/p>\n<p>Sa\u00e7 dolgunla\u015ft\u0131rmak i\u00e7in ortalama 100 gram sa\u00e7 yeterli gelmektedir.<\/p>\n<p>Ortalama bir sa\u00e7 100 gram ila 150 gram aras\u0131 sa\u00e7 yeterli gelmektedir. Sa\u00e7 k\u0131sa veya k\u00fct oldu\u011funda tepe k\u0131s\u0131mlar\u0131na kadar yap\u0131laca\u011f\u0131 i\u00e7in k\u0131sa sa\u00e7ta bu miktar 250gram ila 350Gram Civar\u0131na kadar \u00e7\u0131kabilir.<\/p>\n<p>Kaynak sonras\u0131 sa\u00e7lar\u0131n\u0131z\u0131n ayl\u0131k kontrolleri \u00fccretsiz bir \u015fekilde merkezimizde yap\u0131lmaktad\u0131r.<br \/>\n<strong>SA\u00c7 KAYNAK UYGULAMALARI FLORYA DAK\u0130 M\u00dcSTAK\u0130L MERKEZ B\u0130NAMIZDA UZMANLAR TARAFINDAN YAPILMAKTADIR<\/strong><\/p>\n<div><\/div>\n<ul>\n<li><\/li>\n<\/ul>\n","protected":false},"excerpt":{"rendered":"<p>%100 Do\u011fal Garantili Sa\u00e7 Kaynak Fiyatlar\u0131 Sach Sa\u00e7 Kaynak Merkezi uzmanlar\u0131 taraf\u0131ndan uygulanmakta olan D\u00fcnya \u00fczerindeki en son tekonoloji sa\u00e7 kaynak sistemlerini merkezimizde garantili yapt\u0131rabilirsiniz. Sach Sach Kaynak Merkezi Florya Sa\u00e7 kaynak fiyatlar\u0131 yap\u0131lan kaynak sistemine, sa\u00e7lar\u0131n\u0131\u0131zn rengine ve g\u00fcrl\u00fc\u011f\u00fcne g\u00f6re kullan\u0131lacak sa\u00e7 gramaj\u0131na g\u00f6re belirlenmektedir. A\u015f\u015fa\u011f\u0131daki<\/p>\n","protected":false},"author":1,"featured_media":0,"parent":0,"menu_order":0,"comment_status":"closed","ping_status":"closed","template":"page-FullWidth.php","meta":{"footnotes":""},"tags":[],"class_list":["post-70","page","type-page","status-publish","hentry"],"aioseo_notices":[],"_links":{"self":[{"href":"http:\/\/www.sackaynakfiyatlari.org\/index.php\/wp-json\/wp\/v2\/pages\/70","targetHints":{"allow":["GET"]}}],"collection":[{"href":"http:\/\/www.sackaynakfiyatlari.org\/index.php\/wp-json\/wp\/v2\/pages"}],"about":[{"href":"http:\/\/www.sackaynakfiyatlari.org\/index.php\/wp-json\/wp\/v2\/types\/page"}],"author":[{"embeddable":true,"href":"http:\/\/www.sackaynakfiyatlari.org\/index.php\/wp-json\/wp\/v2\/users\/1"}],"replies":[{"embeddable":true,"href":"http:\/\/www.sackaynakfiyatlari.org\/index.php\/wp-json\/wp\/v2\/comments?post=70"}],"version-history":[{"count":4,"href":"http:\/\/www.sackaynakfiyatlari.org\/index.php\/wp-json\/wp\/v2\/pages\/70\/revisions"}],"predecessor-version":[{"id":188,"href":"http:\/\/www.sackaynakfiyatlari.org\/index.php\/wp-json\/wp\/v2\/pages\/70\/revisions\/188"}],"wp:attachment":[{"href":"http:\/\/www.sackaynakfiyatlari.org\/index.php\/wp-json\/wp\/v2\/media?parent=70"}],"wp:term":[{"taxonomy":"post_tag","embeddable":true,"href":"http:\/\/www.sackaynakfiyatlari.org\/index.php\/wp-json\/wp\/v2\/tags?post=70"}],"curies":[{"name":"wp","href":"https:\/\/api.w.org\/{rel}","templated":true}]}}